{"id":25,"date":"2013-09-13T17:26:14","date_gmt":"2013-09-13T17:26:14","guid":{"rendered":"http:\/\/www.pintorrio.com.br\/?page_id=25"},"modified":"2013-09-13T17:39:32","modified_gmt":"2013-09-13T17:39:32","slug":"pintura-imovel-comercial","status":"publish","type":"page","link":"http:\/\/www.pintorrio.com.br\/?page_id=25","title":{"rendered":"Pintura Im\u00f3vel Comercial"},"content":{"rendered":"<p><img loading=\"lazy\" decoding=\"async\" class=\"size-medium wp-image-27 alignright\" alt=\"pintura\" src=\"http:\/\/www.pintorrio.com.br\/wp-content\/uploads\/2013\/09\/pintura-300x166.jpg\" width=\"300\" height=\"166\" srcset=\"http:\/\/www.pintorrio.com.br\/wp-content\/uploads\/2013\/09\/pintura-300x166.jpg 300w, http:\/\/www.pintorrio.com.br\/wp-content\/uploads\/2013\/09\/pintura.jpg 550w\" sizes=\"auto, (max-width: 300px) 100vw, 300px\" \/>Atrav\u00e9s da pintura voc\u00ea pode aumentar a percep\u00e7\u00e3o de qualidade de sua marca ou empresa. Um ambiente bem iluminado e pintado, ajuda na conserva\u00e7\u00e3o das paredes, interiores e exterior, causando uma boa impress\u00e3o a seus clientes.<\/p>\n<p>Nossa treinada equipe de profissionais possui experi\u00eancia com os mais diferentes materiais e superf\u00edcies e, com profissionalismo, pode atend\u00ea-lo da melhor forma no melhor tempo dispon\u00edvel.<\/p>\n<p>&#8211; Escrit\u00f3rios<br \/>\n&#8211; Salas comerciais<br \/>\n&#8211; Fachadas<br \/>\n&#8211; Estacionamentos<br \/>\n&#8211; Lojas<\/p>\n<p>Com nosso trabalho, al\u00e9m da pintura, evitamos infiltra\u00e7\u00f5es e a\u00e7\u00f5es do tempo como sol, vento e chuva. As melhores tintas s\u00e3o escolhidas de acordo com as necessidades do espa\u00e7o e sua ilumina\u00e7\u00e3o.<\/p>\n<p>Independente do tamanho, seja um pequeno empreendimento at\u00e9 uma grande empresa e suas filiais, atendemos com dedica\u00e7\u00e3o na pintura e conserva\u00e7\u00e3o do seu im\u00f3vel.<\/p>\n<p>Solicite agora mesmo um <a title=\"Solicite um Or\u00e7amento\" href=\"http:\/\/www.pintorrio.com.br\/?page_id=9\"><strong>or\u00e7amento<\/strong><\/a> com nossa equipe!<\/p>\n","protected":false},"excerpt":{"rendered":"<p>Atrav\u00e9s da pintura voc\u00ea pode aumentar a percep\u00e7\u00e3o de qualidade de sua marca ou empresa. Um ambiente bem iluminado e pintado, ajuda na conserva\u00e7\u00e3o das paredes, interiores e exterior, causando uma boa impress\u00e3o a seus clientes. Nossa treinada equipe de profissionais possui experi\u00eancia com os mais diferentes materiais e superf\u00edcies e, com profissionalismo, pode atend\u00ea-lo [&hellip;]<\/p>\n","protected":false},"author":1,"featured_media":0,"parent":0,"menu_order":1,"comment_status":"open","ping_status":"closed","template":"","meta":{"_monsterinsights_skip_tracking":false,"_monsterinsights_sitenote_active":false,"_monsterinsights_sitenote_note":"","_monsterinsights_sitenote_category":0,"footnotes":""},"class_list":["post-25","page","type-page","status-publish","hentry"],"_links":{"self":[{"href":"http:\/\/www.pintorrio.com.br\/index.php?rest_route=\/wp\/v2\/pages\/25","targetHints":{"allow":["GET"]}}],"collection":[{"href":"http:\/\/www.pintorrio.com.br\/index.php?rest_route=\/wp\/v2\/pages"}],"about":[{"href":"http:\/\/www.pintorrio.com.br\/index.php?rest_route=\/wp\/v2\/types\/page"}],"author":[{"embeddable":true,"href":"http:\/\/www.pintorrio.com.br\/index.php?rest_route=\/wp\/v2\/users\/1"}],"replies":[{"embeddable":true,"href":"http:\/\/www.pintorrio.com.br\/index.php?rest_route=%2Fwp%2Fv2%2Fcomments&post=25"}],"version-history":[{"count":3,"href":"http:\/\/www.pintorrio.com.br\/index.php?rest_route=\/wp\/v2\/pages\/25\/revisions"}],"predecessor-version":[{"id":29,"href":"http:\/\/www.pintorrio.com.br\/index.php?rest_route=\/wp\/v2\/pages\/25\/revisions\/29"}],"wp:attachment":[{"href":"http:\/\/www.pintorrio.com.br\/index.php?rest_route=%2Fwp%2Fv2%2Fmedia&parent=25"}],"curies":[{"name":"wp","href":"https:\/\/api.w.org\/{rel}","templated":true}]}}